{"id":2433,"date":"2025-01-14T16:41:47","date_gmt":"2025-01-14T15:41:47","guid":{"rendered":"https:\/\/idealnounou.com\/?page_id=2433"},"modified":"2025-10-21T12:16:32","modified_gmt":"2025-10-21T10:16:32","slug":"agence-garde-d-enfant-91","status":"publish","type":"page","link":"https:\/\/idealnounou.com\/index.php\/agence-garde-d-enfant-91\/","title":{"rendered":"Agence Garde d&rsquo;enfant 91"},"content":{"rendered":"\n\n\n\n\n\n\n\n\n\n\n\n\n\n\n\n","protected":false},"excerpt":{"rendered":"","protected":false},"author":1,"featured_media":0,"parent":0,"menu_order":0,"comment_status":"closed","ping_status":"closed","template":"","meta":{"saved_in_kubio":true,"footnotes":""},"class_list":["post-2433","page","type-page","status-publish","hentry"],"kubio_ai_page_context":{"short_desc":"Depuis 2011, dans l'Essonne (91), notre agence de garde d\u2019enfants propose aux parents des nounous et baby-sitters fiables et exp\u00e9riment\u00e9(e)s, qui ont du plaisir \u00e0 travailler avec des enfants, s\u00e9lectionn\u00e9(e)s en fonction de vos besoins. En fonction de la personnalit\u00e9 de l\u2019enfant et de ses \u00e9ventuels probl\u00e8mes de sant\u00e9 ou particularit\u00e9s, nous d\u00e9finissons les comp\u00e9tences et qualit\u00e9s indispensables chez la nounou ou le\/la babysitter.\nNous recrutons localement, afin que les nounous et baby-sitters soient \u00e0 l'heure et pour limiter leur temps de trajet.","purpose":"general","isFrontPage":false},"yoast_head":"<!-- This site is optimized with the Yoast SEO plugin v27.4 - https:\/\/yoast.com\/product\/yoast-seo-wordpress\/ -->\n<title>Agence garde d&#039;enfant 91 - Id\u00e9al&#039;Nounou<\/title>\n<meta name=\"description\" content=\"Notre agence garde d&#039;enfant 91 vous propose des nounous et baby-sitters fiables, recrut\u00e9s dans le 91 (Essonne).\" \/>\n<meta name=\"robots\" content=\"index, follow, max-snippet:-1, max-image-preview:large, max-video-preview:-1\" \/>\n<link rel=\"canonical\" href=\"https:\/\/idealnounou.com\/index.php\/agence-garde-d-enfant-91\/\" \/>\n<meta property=\"og:locale\" content=\"fr_FR\" \/>\n<meta property=\"og:type\" content=\"article\" \/>\n<meta property=\"og:title\" content=\"Agence garde d&#039;enfant 91 - Id\u00e9al&#039;Nounou\" \/>\n<meta property=\"og:description\" content=\"Notre agence garde d&#039;enfant 91 vous propose des nounous et baby-sitters fiables, recrut\u00e9s dans le 91 (Essonne).\" \/>\n<meta property=\"og:url\" content=\"https:\/\/idealnounou.com\/index.php\/agence-garde-d-enfant-91\/\" \/>\n<meta property=\"og:site_name\" content=\"Ideal&#039;Nounou\" \/>\n<meta property=\"article:modified_time\" content=\"2025-10-21T10:16:32+00:00\" \/>\n<meta name=\"twitter:card\" content=\"summary_large_image\" \/>\n<script type=\"application\/ld+json\" class=\"yoast-schema-graph\">{\"@context\":\"https:\\\/\\\/schema.org\",\"@graph\":[{\"@type\":\"WebPage\",\"@id\":\"https:\\\/\\\/idealnounou.com\\\/index.php\\\/agence-garde-d-enfant-91\\\/\",\"url\":\"https:\\\/\\\/idealnounou.com\\\/index.php\\\/agence-garde-d-enfant-91\\\/\",\"name\":\"Agence garde d'enfant 91 - Id\u00e9al'Nounou\",\"isPartOf\":{\"@id\":\"https:\\\/\\\/idealnounou.com\\\/#website\"},\"datePublished\":\"2025-01-14T15:41:47+00:00\",\"dateModified\":\"2025-10-21T10:16:32+00:00\",\"description\":\"Notre agence garde d'enfant 91 vous propose des nounous et baby-sitters fiables, recrut\u00e9s dans le 91 (Essonne).\",\"breadcrumb\":{\"@id\":\"https:\\\/\\\/idealnounou.com\\\/index.php\\\/agence-garde-d-enfant-91\\\/#breadcrumb\"},\"inLanguage\":\"fr-FR\",\"potentialAction\":[{\"@type\":\"ReadAction\",\"target\":[\"https:\\\/\\\/idealnounou.com\\\/index.php\\\/agence-garde-d-enfant-91\\\/\"]}]},{\"@type\":\"BreadcrumbList\",\"@id\":\"https:\\\/\\\/idealnounou.com\\\/index.php\\\/agence-garde-d-enfant-91\\\/#breadcrumb\",\"itemListElement\":[{\"@type\":\"ListItem\",\"position\":1,\"name\":\"Accueil\",\"item\":\"https:\\\/\\\/idealnounou.com\\\/\"},{\"@type\":\"ListItem\",\"position\":2,\"name\":\"Agence Garde d&rsquo;enfant 91\"}]},{\"@type\":\"WebSite\",\"@id\":\"https:\\\/\\\/idealnounou.com\\\/#website\",\"url\":\"https:\\\/\\\/idealnounou.com\\\/\",\"name\":\"Ideal'Nounou\",\"description\":\"Ideal&#039;Nounou - Agence nounou 91 et 77\",\"publisher\":{\"@id\":\"https:\\\/\\\/idealnounou.com\\\/#organization\"},\"potentialAction\":[{\"@type\":\"SearchAction\",\"target\":{\"@type\":\"EntryPoint\",\"urlTemplate\":\"https:\\\/\\\/idealnounou.com\\\/?s={search_term_string}\"},\"query-input\":{\"@type\":\"PropertyValueSpecification\",\"valueRequired\":true,\"valueName\":\"search_term_string\"}}],\"inLanguage\":\"fr-FR\"},{\"@type\":\"Organization\",\"@id\":\"https:\\\/\\\/idealnounou.com\\\/#organization\",\"name\":\"Ideal'Nounou\",\"url\":\"https:\\\/\\\/idealnounou.com\\\/\",\"logo\":{\"@type\":\"ImageObject\",\"inLanguage\":\"fr-FR\",\"@id\":\"https:\\\/\\\/idealnounou.com\\\/#\\\/schema\\\/logo\\\/image\\\/\",\"url\":\"https:\\\/\\\/idealnounou.com\\\/wp-content\\\/uploads\\\/2023\\\/06\\\/logo-charte_Plan-de-travail-1-01.png\",\"contentUrl\":\"https:\\\/\\\/idealnounou.com\\\/wp-content\\\/uploads\\\/2023\\\/06\\\/logo-charte_Plan-de-travail-1-01.png\",\"width\":691,\"height\":308,\"caption\":\"Ideal'Nounou\"},\"image\":{\"@id\":\"https:\\\/\\\/idealnounou.com\\\/#\\\/schema\\\/logo\\\/image\\\/\"}}]}<\/script>\n<!-- \/ Yoast SEO plugin. -->","yoast_head_json":{"title":"Agence garde d'enfant 91 - Id\u00e9al'Nounou","description":"Notre agence garde d'enfant 91 vous propose des nounous et baby-sitters fiables, recrut\u00e9s dans le 91 (Essonne).","robots":{"index":"index","follow":"follow","max-snippet":"max-snippet:-1","max-image-preview":"max-image-preview:large","max-video-preview":"max-video-preview:-1"},"canonical":"https:\/\/idealnounou.com\/index.php\/agence-garde-d-enfant-91\/","og_locale":"fr_FR","og_type":"article","og_title":"Agence garde d'enfant 91 - Id\u00e9al'Nounou","og_description":"Notre agence garde d'enfant 91 vous propose des nounous et baby-sitters fiables, recrut\u00e9s dans le 91 (Essonne).","og_url":"https:\/\/idealnounou.com\/index.php\/agence-garde-d-enfant-91\/","og_site_name":"Ideal&#039;Nounou","article_modified_time":"2025-10-21T10:16:32+00:00","twitter_card":"summary_large_image","schema":{"@context":"https:\/\/schema.org","@graph":[{"@type":"WebPage","@id":"https:\/\/idealnounou.com\/index.php\/agence-garde-d-enfant-91\/","url":"https:\/\/idealnounou.com\/index.php\/agence-garde-d-enfant-91\/","name":"Agence garde d'enfant 91 - Id\u00e9al'Nounou","isPartOf":{"@id":"https:\/\/idealnounou.com\/#website"},"datePublished":"2025-01-14T15:41:47+00:00","dateModified":"2025-10-21T10:16:32+00:00","description":"Notre agence garde d'enfant 91 vous propose des nounous et baby-sitters fiables, recrut\u00e9s dans le 91 (Essonne).","breadcrumb":{"@id":"https:\/\/idealnounou.com\/index.php\/agence-garde-d-enfant-91\/#breadcrumb"},"inLanguage":"fr-FR","potentialAction":[{"@type":"ReadAction","target":["https:\/\/idealnounou.com\/index.php\/agence-garde-d-enfant-91\/"]}]},{"@type":"BreadcrumbList","@id":"https:\/\/idealnounou.com\/index.php\/agence-garde-d-enfant-91\/#breadcrumb","itemListElement":[{"@type":"ListItem","position":1,"name":"Accueil","item":"https:\/\/idealnounou.com\/"},{"@type":"ListItem","position":2,"name":"Agence Garde d&rsquo;enfant 91"}]},{"@type":"WebSite","@id":"https:\/\/idealnounou.com\/#website","url":"https:\/\/idealnounou.com\/","name":"Ideal'Nounou","description":"Ideal&#039;Nounou - Agence nounou 91 et 77","publisher":{"@id":"https:\/\/idealnounou.com\/#organization"},"potentialAction":[{"@type":"SearchAction","target":{"@type":"EntryPoint","urlTemplate":"https:\/\/idealnounou.com\/?s={search_term_string}"},"query-input":{"@type":"PropertyValueSpecification","valueRequired":true,"valueName":"search_term_string"}}],"inLanguage":"fr-FR"},{"@type":"Organization","@id":"https:\/\/idealnounou.com\/#organization","name":"Ideal'Nounou","url":"https:\/\/idealnounou.com\/","logo":{"@type":"ImageObject","inLanguage":"fr-FR","@id":"https:\/\/idealnounou.com\/#\/schema\/logo\/image\/","url":"https:\/\/idealnounou.com\/wp-content\/uploads\/2023\/06\/logo-charte_Plan-de-travail-1-01.png","contentUrl":"https:\/\/idealnounou.com\/wp-content\/uploads\/2023\/06\/logo-charte_Plan-de-travail-1-01.png","width":691,"height":308,"caption":"Ideal'Nounou"},"image":{"@id":"https:\/\/idealnounou.com\/#\/schema\/logo\/image\/"}}]}},"_links":{"self":[{"href":"https:\/\/idealnounou.com\/index.php\/wp-json\/wp\/v2\/pages\/2433","targetHints":{"allow":["GET"]}}],"collection":[{"href":"https:\/\/idealnounou.com\/index.php\/wp-json\/wp\/v2\/pages"}],"about":[{"href":"https:\/\/idealnounou.com\/index.php\/wp-json\/wp\/v2\/types\/page"}],"author":[{"embeddable":true,"href":"https:\/\/idealnounou.com\/index.php\/wp-json\/wp\/v2\/users\/1"}],"replies":[{"embeddable":true,"href":"https:\/\/idealnounou.com\/index.php\/wp-json\/wp\/v2\/comments?post=2433"}],"version-history":[{"count":15,"href":"https:\/\/idealnounou.com\/index.php\/wp-json\/wp\/v2\/pages\/2433\/revisions"}],"predecessor-version":[{"id":3714,"href":"https:\/\/idealnounou.com\/index.php\/wp-json\/wp\/v2\/pages\/2433\/revisions\/3714"}],"wp:attachment":[{"href":"https:\/\/idealnounou.com\/index.php\/wp-json\/wp\/v2\/media?parent=2433"}],"curies":[{"name":"wp","href":"https:\/\/api.w.org\/{rel}","templated":true}]}}