{"id":2962,"date":"2025-05-15T12:08:40","date_gmt":"2025-05-15T10:08:40","guid":{"rendered":"https:\/\/idealnounou.com\/?page_id=2962"},"modified":"2026-01-19T17:23:57","modified_gmt":"2026-01-19T16:23:57","slug":"blog","status":"publish","type":"page","link":"https:\/\/idealnounou.com\/index.php\/blog\/","title":{"rendered":"Blog"},"content":{"rendered":"\n\n\n\n","protected":false},"excerpt":{"rendered":"","protected":false},"author":1,"featured_media":0,"parent":0,"menu_order":0,"comment_status":"closed","ping_status":"closed","template":"","meta":{"saved_in_kubio":true,"footnotes":""},"class_list":["post-2962","page","type-page","status-publish","hentry"],"kubio_ai_page_context":{"short_desc":"","purpose":"general"},"yoast_head":"<!-- This site is optimized with the Yoast SEO plugin v27.4 - https:\/\/yoast.com\/product\/yoast-seo-wordpress\/ -->\n<title>Blog - Id\u00e9al&#039;Nounou<\/title>\n<meta name=\"description\" content=\"Retrouvez nos diff\u00e9rents articles su rnotre blog : T\u00e9moignages, astuces de Rita, activit\u00e9s pour les enfants !\" \/>\n<meta name=\"robots\" content=\"index, follow, max-snippet:-1, max-image-preview:large, max-video-preview:-1\" \/>\n<link rel=\"canonical\" href=\"https:\/\/idealnounou.com\/index.php\/blog\/\" \/>\n<meta property=\"og:locale\" content=\"fr_FR\" \/>\n<meta property=\"og:type\" content=\"article\" \/>\n<meta property=\"og:title\" content=\"Blog - Id\u00e9al&#039;Nounou\" \/>\n<meta property=\"og:description\" content=\"Retrouvez nos diff\u00e9rents articles su rnotre blog : T\u00e9moignages, astuces de Rita, activit\u00e9s pour les enfants !\" \/>\n<meta property=\"og:url\" content=\"https:\/\/idealnounou.com\/index.php\/blog\/\" \/>\n<meta property=\"og:site_name\" content=\"Ideal&#039;Nounou\" \/>\n<meta property=\"article:modified_time\" content=\"2026-01-19T16:23:57+00:00\" \/>\n<meta name=\"twitter:card\" content=\"summary_large_image\" \/>\n<script type=\"application\/ld+json\" class=\"yoast-schema-graph\">{\"@context\":\"https:\\\/\\\/schema.org\",\"@graph\":[{\"@type\":\"WebPage\",\"@id\":\"https:\\\/\\\/idealnounou.com\\\/index.php\\\/blog\\\/\",\"url\":\"https:\\\/\\\/idealnounou.com\\\/index.php\\\/blog\\\/\",\"name\":\"Blog - Id\u00e9al'Nounou\",\"isPartOf\":{\"@id\":\"https:\\\/\\\/idealnounou.com\\\/#website\"},\"datePublished\":\"2025-05-15T10:08:40+00:00\",\"dateModified\":\"2026-01-19T16:23:57+00:00\",\"description\":\"Retrouvez nos diff\u00e9rents articles su rnotre blog : T\u00e9moignages, astuces de Rita, activit\u00e9s pour les enfants !\",\"breadcrumb\":{\"@id\":\"https:\\\/\\\/idealnounou.com\\\/index.php\\\/blog\\\/#breadcrumb\"},\"inLanguage\":\"fr-FR\",\"potentialAction\":[{\"@type\":\"ReadAction\",\"target\":[\"https:\\\/\\\/idealnounou.com\\\/index.php\\\/blog\\\/\"]}]},{\"@type\":\"BreadcrumbList\",\"@id\":\"https:\\\/\\\/idealnounou.com\\\/index.php\\\/blog\\\/#breadcrumb\",\"itemListElement\":[{\"@type\":\"ListItem\",\"position\":1,\"name\":\"Accueil\",\"item\":\"https:\\\/\\\/idealnounou.com\\\/\"},{\"@type\":\"ListItem\",\"position\":2,\"name\":\"Blog\"}]},{\"@type\":\"WebSite\",\"@id\":\"https:\\\/\\\/idealnounou.com\\\/#website\",\"url\":\"https:\\\/\\\/idealnounou.com\\\/\",\"name\":\"Ideal'Nounou\",\"description\":\"Ideal&#039;Nounou - Agence nounou 91 et 77\",\"publisher\":{\"@id\":\"https:\\\/\\\/idealnounou.com\\\/#organization\"},\"potentialAction\":[{\"@type\":\"SearchAction\",\"target\":{\"@type\":\"EntryPoint\",\"urlTemplate\":\"https:\\\/\\\/idealnounou.com\\\/?s={search_term_string}\"},\"query-input\":{\"@type\":\"PropertyValueSpecification\",\"valueRequired\":true,\"valueName\":\"search_term_string\"}}],\"inLanguage\":\"fr-FR\"},{\"@type\":\"Organization\",\"@id\":\"https:\\\/\\\/idealnounou.com\\\/#organization\",\"name\":\"Ideal'Nounou\",\"url\":\"https:\\\/\\\/idealnounou.com\\\/\",\"logo\":{\"@type\":\"ImageObject\",\"inLanguage\":\"fr-FR\",\"@id\":\"https:\\\/\\\/idealnounou.com\\\/#\\\/schema\\\/logo\\\/image\\\/\",\"url\":\"https:\\\/\\\/idealnounou.com\\\/wp-content\\\/uploads\\\/2023\\\/06\\\/logo-charte_Plan-de-travail-1-01.png\",\"contentUrl\":\"https:\\\/\\\/idealnounou.com\\\/wp-content\\\/uploads\\\/2023\\\/06\\\/logo-charte_Plan-de-travail-1-01.png\",\"width\":691,\"height\":308,\"caption\":\"Ideal'Nounou\"},\"image\":{\"@id\":\"https:\\\/\\\/idealnounou.com\\\/#\\\/schema\\\/logo\\\/image\\\/\"}}]}<\/script>\n<!-- \/ Yoast SEO plugin. -->","yoast_head_json":{"title":"Blog - Id\u00e9al'Nounou","description":"Retrouvez nos diff\u00e9rents articles su rnotre blog : T\u00e9moignages, astuces de Rita, activit\u00e9s pour les enfants !","robots":{"index":"index","follow":"follow","max-snippet":"max-snippet:-1","max-image-preview":"max-image-preview:large","max-video-preview":"max-video-preview:-1"},"canonical":"https:\/\/idealnounou.com\/index.php\/blog\/","og_locale":"fr_FR","og_type":"article","og_title":"Blog - Id\u00e9al'Nounou","og_description":"Retrouvez nos diff\u00e9rents articles su rnotre blog : T\u00e9moignages, astuces de Rita, activit\u00e9s pour les enfants !","og_url":"https:\/\/idealnounou.com\/index.php\/blog\/","og_site_name":"Ideal&#039;Nounou","article_modified_time":"2026-01-19T16:23:57+00:00","twitter_card":"summary_large_image","schema":{"@context":"https:\/\/schema.org","@graph":[{"@type":"WebPage","@id":"https:\/\/idealnounou.com\/index.php\/blog\/","url":"https:\/\/idealnounou.com\/index.php\/blog\/","name":"Blog - Id\u00e9al'Nounou","isPartOf":{"@id":"https:\/\/idealnounou.com\/#website"},"datePublished":"2025-05-15T10:08:40+00:00","dateModified":"2026-01-19T16:23:57+00:00","description":"Retrouvez nos diff\u00e9rents articles su rnotre blog : T\u00e9moignages, astuces de Rita, activit\u00e9s pour les enfants !","breadcrumb":{"@id":"https:\/\/idealnounou.com\/index.php\/blog\/#breadcrumb"},"inLanguage":"fr-FR","potentialAction":[{"@type":"ReadAction","target":["https:\/\/idealnounou.com\/index.php\/blog\/"]}]},{"@type":"BreadcrumbList","@id":"https:\/\/idealnounou.com\/index.php\/blog\/#breadcrumb","itemListElement":[{"@type":"ListItem","position":1,"name":"Accueil","item":"https:\/\/idealnounou.com\/"},{"@type":"ListItem","position":2,"name":"Blog"}]},{"@type":"WebSite","@id":"https:\/\/idealnounou.com\/#website","url":"https:\/\/idealnounou.com\/","name":"Ideal'Nounou","description":"Ideal&#039;Nounou - Agence nounou 91 et 77","publisher":{"@id":"https:\/\/idealnounou.com\/#organization"},"potentialAction":[{"@type":"SearchAction","target":{"@type":"EntryPoint","urlTemplate":"https:\/\/idealnounou.com\/?s={search_term_string}"},"query-input":{"@type":"PropertyValueSpecification","valueRequired":true,"valueName":"search_term_string"}}],"inLanguage":"fr-FR"},{"@type":"Organization","@id":"https:\/\/idealnounou.com\/#organization","name":"Ideal'Nounou","url":"https:\/\/idealnounou.com\/","logo":{"@type":"ImageObject","inLanguage":"fr-FR","@id":"https:\/\/idealnounou.com\/#\/schema\/logo\/image\/","url":"https:\/\/idealnounou.com\/wp-content\/uploads\/2023\/06\/logo-charte_Plan-de-travail-1-01.png","contentUrl":"https:\/\/idealnounou.com\/wp-content\/uploads\/2023\/06\/logo-charte_Plan-de-travail-1-01.png","width":691,"height":308,"caption":"Ideal'Nounou"},"image":{"@id":"https:\/\/idealnounou.com\/#\/schema\/logo\/image\/"}}]}},"_links":{"self":[{"href":"https:\/\/idealnounou.com\/index.php\/wp-json\/wp\/v2\/pages\/2962","targetHints":{"allow":["GET"]}}],"collection":[{"href":"https:\/\/idealnounou.com\/index.php\/wp-json\/wp\/v2\/pages"}],"about":[{"href":"https:\/\/idealnounou.com\/index.php\/wp-json\/wp\/v2\/types\/page"}],"author":[{"embeddable":true,"href":"https:\/\/idealnounou.com\/index.php\/wp-json\/wp\/v2\/users\/1"}],"replies":[{"embeddable":true,"href":"https:\/\/idealnounou.com\/index.php\/wp-json\/wp\/v2\/comments?post=2962"}],"version-history":[{"count":24,"href":"https:\/\/idealnounou.com\/index.php\/wp-json\/wp\/v2\/pages\/2962\/revisions"}],"predecessor-version":[{"id":3794,"href":"https:\/\/idealnounou.com\/index.php\/wp-json\/wp\/v2\/pages\/2962\/revisions\/3794"}],"wp:attachment":[{"href":"https:\/\/idealnounou.com\/index.php\/wp-json\/wp\/v2\/media?parent=2962"}],"curies":[{"name":"wp","href":"https:\/\/api.w.org\/{rel}","templated":true}]}}