{"id":3655,"date":"2025-08-21T16:33:51","date_gmt":"2025-08-21T14:33:51","guid":{"rendered":"https:\/\/idealnounou.com\/?page_id=3655"},"modified":"2025-10-21T12:25:52","modified_gmt":"2025-10-21T10:25:52","slug":"garde-enfant-91","status":"publish","type":"page","link":"https:\/\/idealnounou.com\/index.php\/garde-enfant-91\/","title":{"rendered":"Garde enfant 91"},"content":{"rendered":"\n\n\n\n\n\n\n\n\n\n\n\n","protected":false},"excerpt":{"rendered":"","protected":false},"author":1,"featured_media":0,"parent":0,"menu_order":0,"comment_status":"closed","ping_status":"closed","template":"","meta":{"saved_in_kubio":true,"footnotes":""},"class_list":["post-3655","page","type-page","status-publish","hentry"],"kubio_ai_page_context":{"short_desc":"Id\u00e9al\u2019Nounou, vous propose ses services de garde d'enfant 91 (Essonne)\nNous recrutons des gardes d'enfants exp\u00e9riment\u00e9(e)s, que nous s\u00e9lectionnons en fonction des besoins de votre enfant.\nNous proposons une large gamme de services sur mesure, de la garde d\u2019enfant classique \u00e0 la garde d\u2019enfant atypiques ou handicap\u00e9s, tout en vous offrant un service de qualit\u00e9 et en toute s\u00e9curit\u00e9.","purpose":"general","isFrontPage":false},"yoast_head":"<!-- This site is optimized with the Yoast SEO plugin v27.4 - https:\/\/yoast.com\/product\/yoast-seo-wordpress\/ -->\n<title>Garde enfant 91 - Ideal&#039;Nounou<\/title>\n<meta name=\"description\" content=\"Id\u00e9al&#039;Nounou propose ses services de garde d&#039;enfant 91, nounous et baby sitters de confiance depuis 2011 dans l&#039;Essonne (91).\" \/>\n<meta name=\"robots\" content=\"index, follow, max-snippet:-1, max-image-preview:large, max-video-preview:-1\" \/>\n<link rel=\"canonical\" href=\"https:\/\/idealnounou.com\/index.php\/garde-enfant-91\/\" \/>\n<meta property=\"og:locale\" content=\"fr_FR\" \/>\n<meta property=\"og:type\" content=\"article\" \/>\n<meta property=\"og:title\" content=\"Garde enfant 91 - Ideal&#039;Nounou\" \/>\n<meta property=\"og:description\" content=\"Id\u00e9al&#039;Nounou propose ses services de garde d&#039;enfant 91, nounous et baby sitters de confiance depuis 2011 dans l&#039;Essonne (91).\" \/>\n<meta property=\"og:url\" content=\"https:\/\/idealnounou.com\/index.php\/garde-enfant-91\/\" \/>\n<meta property=\"og:site_name\" content=\"Ideal&#039;Nounou\" \/>\n<meta property=\"article:modified_time\" content=\"2025-10-21T10:25:52+00:00\" \/>\n<meta name=\"twitter:card\" content=\"summary_large_image\" \/>\n<script type=\"application\/ld+json\" class=\"yoast-schema-graph\">{\"@context\":\"https:\\\/\\\/schema.org\",\"@graph\":[{\"@type\":\"WebPage\",\"@id\":\"https:\\\/\\\/idealnounou.com\\\/index.php\\\/garde-enfant-91\\\/\",\"url\":\"https:\\\/\\\/idealnounou.com\\\/index.php\\\/garde-enfant-91\\\/\",\"name\":\"Garde enfant 91 - Ideal&#039;Nounou\",\"isPartOf\":{\"@id\":\"https:\\\/\\\/idealnounou.com\\\/#website\"},\"datePublished\":\"2025-08-21T14:33:51+00:00\",\"dateModified\":\"2025-10-21T10:25:52+00:00\",\"description\":\"Id\u00e9al'Nounou propose ses services de garde d'enfant 91, nounous et baby sitters de confiance depuis 2011 dans l'Essonne (91).\",\"breadcrumb\":{\"@id\":\"https:\\\/\\\/idealnounou.com\\\/index.php\\\/garde-enfant-91\\\/#breadcrumb\"},\"inLanguage\":\"fr-FR\",\"potentialAction\":[{\"@type\":\"ReadAction\",\"target\":[\"https:\\\/\\\/idealnounou.com\\\/index.php\\\/garde-enfant-91\\\/\"]}]},{\"@type\":\"BreadcrumbList\",\"@id\":\"https:\\\/\\\/idealnounou.com\\\/index.php\\\/garde-enfant-91\\\/#breadcrumb\",\"itemListElement\":[{\"@type\":\"ListItem\",\"position\":1,\"name\":\"Accueil\",\"item\":\"https:\\\/\\\/idealnounou.com\\\/\"},{\"@type\":\"ListItem\",\"position\":2,\"name\":\"Garde enfant 91\"}]},{\"@type\":\"WebSite\",\"@id\":\"https:\\\/\\\/idealnounou.com\\\/#website\",\"url\":\"https:\\\/\\\/idealnounou.com\\\/\",\"name\":\"Ideal'Nounou\",\"description\":\"Ideal&#039;Nounou - Agence nounou 91 et 77\",\"publisher\":{\"@id\":\"https:\\\/\\\/idealnounou.com\\\/#organization\"},\"potentialAction\":[{\"@type\":\"SearchAction\",\"target\":{\"@type\":\"EntryPoint\",\"urlTemplate\":\"https:\\\/\\\/idealnounou.com\\\/?s={search_term_string}\"},\"query-input\":{\"@type\":\"PropertyValueSpecification\",\"valueRequired\":true,\"valueName\":\"search_term_string\"}}],\"inLanguage\":\"fr-FR\"},{\"@type\":\"Organization\",\"@id\":\"https:\\\/\\\/idealnounou.com\\\/#organization\",\"name\":\"Ideal'Nounou\",\"url\":\"https:\\\/\\\/idealnounou.com\\\/\",\"logo\":{\"@type\":\"ImageObject\",\"inLanguage\":\"fr-FR\",\"@id\":\"https:\\\/\\\/idealnounou.com\\\/#\\\/schema\\\/logo\\\/image\\\/\",\"url\":\"https:\\\/\\\/idealnounou.com\\\/wp-content\\\/uploads\\\/2023\\\/06\\\/logo-charte_Plan-de-travail-1-01.png\",\"contentUrl\":\"https:\\\/\\\/idealnounou.com\\\/wp-content\\\/uploads\\\/2023\\\/06\\\/logo-charte_Plan-de-travail-1-01.png\",\"width\":691,\"height\":308,\"caption\":\"Ideal'Nounou\"},\"image\":{\"@id\":\"https:\\\/\\\/idealnounou.com\\\/#\\\/schema\\\/logo\\\/image\\\/\"}}]}<\/script>\n<!-- \/ Yoast SEO plugin. -->","yoast_head_json":{"title":"Garde enfant 91 - Ideal&#039;Nounou","description":"Id\u00e9al'Nounou propose ses services de garde d'enfant 91, nounous et baby sitters de confiance depuis 2011 dans l'Essonne (91).","robots":{"index":"index","follow":"follow","max-snippet":"max-snippet:-1","max-image-preview":"max-image-preview:large","max-video-preview":"max-video-preview:-1"},"canonical":"https:\/\/idealnounou.com\/index.php\/garde-enfant-91\/","og_locale":"fr_FR","og_type":"article","og_title":"Garde enfant 91 - Ideal&#039;Nounou","og_description":"Id\u00e9al'Nounou propose ses services de garde d'enfant 91, nounous et baby sitters de confiance depuis 2011 dans l'Essonne (91).","og_url":"https:\/\/idealnounou.com\/index.php\/garde-enfant-91\/","og_site_name":"Ideal&#039;Nounou","article_modified_time":"2025-10-21T10:25:52+00:00","twitter_card":"summary_large_image","schema":{"@context":"https:\/\/schema.org","@graph":[{"@type":"WebPage","@id":"https:\/\/idealnounou.com\/index.php\/garde-enfant-91\/","url":"https:\/\/idealnounou.com\/index.php\/garde-enfant-91\/","name":"Garde enfant 91 - Ideal&#039;Nounou","isPartOf":{"@id":"https:\/\/idealnounou.com\/#website"},"datePublished":"2025-08-21T14:33:51+00:00","dateModified":"2025-10-21T10:25:52+00:00","description":"Id\u00e9al'Nounou propose ses services de garde d'enfant 91, nounous et baby sitters de confiance depuis 2011 dans l'Essonne (91).","breadcrumb":{"@id":"https:\/\/idealnounou.com\/index.php\/garde-enfant-91\/#breadcrumb"},"inLanguage":"fr-FR","potentialAction":[{"@type":"ReadAction","target":["https:\/\/idealnounou.com\/index.php\/garde-enfant-91\/"]}]},{"@type":"BreadcrumbList","@id":"https:\/\/idealnounou.com\/index.php\/garde-enfant-91\/#breadcrumb","itemListElement":[{"@type":"ListItem","position":1,"name":"Accueil","item":"https:\/\/idealnounou.com\/"},{"@type":"ListItem","position":2,"name":"Garde enfant 91"}]},{"@type":"WebSite","@id":"https:\/\/idealnounou.com\/#website","url":"https:\/\/idealnounou.com\/","name":"Ideal'Nounou","description":"Ideal&#039;Nounou - Agence nounou 91 et 77","publisher":{"@id":"https:\/\/idealnounou.com\/#organization"},"potentialAction":[{"@type":"SearchAction","target":{"@type":"EntryPoint","urlTemplate":"https:\/\/idealnounou.com\/?s={search_term_string}"},"query-input":{"@type":"PropertyValueSpecification","valueRequired":true,"valueName":"search_term_string"}}],"inLanguage":"fr-FR"},{"@type":"Organization","@id":"https:\/\/idealnounou.com\/#organization","name":"Ideal'Nounou","url":"https:\/\/idealnounou.com\/","logo":{"@type":"ImageObject","inLanguage":"fr-FR","@id":"https:\/\/idealnounou.com\/#\/schema\/logo\/image\/","url":"https:\/\/idealnounou.com\/wp-content\/uploads\/2023\/06\/logo-charte_Plan-de-travail-1-01.png","contentUrl":"https:\/\/idealnounou.com\/wp-content\/uploads\/2023\/06\/logo-charte_Plan-de-travail-1-01.png","width":691,"height":308,"caption":"Ideal'Nounou"},"image":{"@id":"https:\/\/idealnounou.com\/#\/schema\/logo\/image\/"}}]}},"_links":{"self":[{"href":"https:\/\/idealnounou.com\/index.php\/wp-json\/wp\/v2\/pages\/3655","targetHints":{"allow":["GET"]}}],"collection":[{"href":"https:\/\/idealnounou.com\/index.php\/wp-json\/wp\/v2\/pages"}],"about":[{"href":"https:\/\/idealnounou.com\/index.php\/wp-json\/wp\/v2\/types\/page"}],"author":[{"embeddable":true,"href":"https:\/\/idealnounou.com\/index.php\/wp-json\/wp\/v2\/users\/1"}],"replies":[{"embeddable":true,"href":"https:\/\/idealnounou.com\/index.php\/wp-json\/wp\/v2\/comments?post=3655"}],"version-history":[{"count":6,"href":"https:\/\/idealnounou.com\/index.php\/wp-json\/wp\/v2\/pages\/3655\/revisions"}],"predecessor-version":[{"id":3724,"href":"https:\/\/idealnounou.com\/index.php\/wp-json\/wp\/v2\/pages\/3655\/revisions\/3724"}],"wp:attachment":[{"href":"https:\/\/idealnounou.com\/index.php\/wp-json\/wp\/v2\/media?parent=3655"}],"curies":[{"name":"wp","href":"https:\/\/api.w.org\/{rel}","templated":true}]}}